{"id":1443,"date":"2024-11-22T10:50:52","date_gmt":"2024-11-22T13:50:52","guid":{"rendered":"https:\/\/limparonline.com.br\/?page_id=1443"},"modified":"2024-11-22T13:00:21","modified_gmt":"2024-11-22T16:00:21","slug":"politica-de-cookies","status":"publish","type":"page","link":"https:\/\/limparonline.com.br\/index.php\/politica-de-cookies\/","title":{"rendered":"Pol\u00edtica de Cookies"},"content":{"rendered":"\t\t<div data-elementor-type=\"wp-page\" data-elementor-id=\"1443\" class=\"elementor elementor-1443\" data-elementor-post-type=\"page\">\n\t\t\t\t\t\t<section class=\"elementor-section elementor-top-section elementor-element elementor-element-40a8e42 elementor-section-boxed elementor-section-height-default elementor-section-height-default\" data-id=\"40a8e42\" data-element_type=\"section\">\n\t\t\t\t\t\t<div class=\"elementor-container elementor-column-gap-default\">\n\t\t\t\t\t<div class=\"elementor-column elementor-col-100 elementor-top-column elementor-element elementor-element-e3afd4d\" data-id=\"e3afd4d\" data-element_type=\"column\">\n\t\t\t<div class=\"elementor-widget-wrap elementor-element-populated\">\n\t\t\t\t\t\t<section class=\"elementor-section elementor-inner-section elementor-element elementor-element-a35e2b9 elementor-section-boxed elementor-section-height-default elementor-section-height-default\" data-id=\"a35e2b9\" data-element_type=\"section\">\n\t\t\t\t\t\t<div class=\"elementor-container elementor-column-gap-default\">\n\t\t\t\t\t<div class=\"elementor-column elementor-col-50 elementor-inner-column elementor-element elementor-element-84b9e7d\" data-id=\"84b9e7d\" data-element_type=\"column\">\n\t\t\t<div class=\"elementor-widget-wrap elementor-element-populated\">\n\t\t\t\t\t\t<div class=\"elementor-element elementor-element-8445def elementor-widget elementor-widget-image\" data-id=\"8445def\" data-element_type=\"widget\" data-widget_type=\"image.default\">\n\t\t\t\t<div class=\"elementor-widget-container\">\n\t\t\t\t\t\t\t\t\t\t\t\t\t<img fetchpriority=\"high\" decoding=\"async\" width=\"500\" height=\"206\" src=\"https:\/\/limparonline.com.br\/wp-content\/uploads\/2021\/10\/Nova-Logo-site.png\" class=\"attachment-large size-large wp-image-23\" alt=\"\" srcset=\"https:\/\/limparonline.com.br\/wp-content\/uploads\/2021\/10\/Nova-Logo-site.png 500w, https:\/\/limparonline.com.br\/wp-content\/uploads\/2021\/10\/Nova-Logo-site-300x124.png 300w\" sizes=\"(max-width: 500px) 100vw, 500px\" \/>\t\t\t\t\t\t\t\t\t\t\t\t\t<\/div>\n\t\t\t\t<\/div>\n\t\t\t\t\t<\/div>\n\t\t<\/div>\n\t\t\t\t<div class=\"elementor-column elementor-col-50 elementor-inner-column elementor-element elementor-element-6764817\" data-id=\"6764817\" data-element_type=\"column\">\n\t\t\t<div class=\"elementor-widget-wrap elementor-element-populated\">\n\t\t\t\t\t\t<div class=\"elementor-element elementor-element-6a78df3 elementor-widget elementor-widget-heading\" data-id=\"6a78df3\" data-element_type=\"widget\" data-widget_type=\"heading.default\">\n\t\t\t\t<div class=\"elementor-widget-container\">\n\t\t\t<h2 class=\"elementor-heading-title elementor-size-default\">Pol\u00edtica de Cookies<\/h2>\t\t<\/div>\n\t\t\t\t<\/div>\n\t\t\t\t\t<\/div>\n\t\t<\/div>\n\t\t\t\t\t<\/div>\n\t\t<\/section>\n\t\t\t\t<div class=\"elementor-element elementor-element-6ee7121 elementor-icon-list--layout-inline elementor-align-center elementor-list-item-link-full_width elementor-widget elementor-widget-icon-list\" data-id=\"6ee7121\" data-element_type=\"widget\" data-widget_type=\"icon-list.default\">\n\t\t\t\t<div class=\"elementor-widget-container\">\n\t\t\t\t\t<ul class=\"elementor-icon-list-items elementor-inline-items\">\n\t\t\t\t\t\t\t<li class=\"elementor-icon-list-item elementor-inline-item\">\n\t\t\t\t\t\t\t\t\t\t\t<a href=\"https:\/\/limparonline.com.br\/\">\n\n\t\t\t\t\t\t\t\t\t\t\t\t<span class=\"elementor-icon-list-icon\">\n\t\t\t\t\t\t\t<i aria-hidden=\"true\" class=\"far fa-arrow-alt-circle-left\"><\/i>\t\t\t\t\t\t<\/span>\n\t\t\t\t\t\t\t\t\t\t<span class=\"elementor-icon-list-text\">VOLTAR<\/span>\n\t\t\t\t\t\t\t\t\t\t\t<\/a>\n\t\t\t\t\t\t\t\t\t<\/li>\n\t\t\t\t\t\t<\/ul>\n\t\t\t\t<\/div>\n\t\t\t\t<\/div>\n\t\t\t\t<div class=\"elementor-element elementor-element-1b96e98 elementor-widget-divider--view-line elementor-widget elementor-widget-divider\" data-id=\"1b96e98\" data-element_type=\"widget\" data-widget_type=\"divider.default\">\n\t\t\t\t<div class=\"elementor-widget-container\">\n\t\t\t\t\t<div class=\"elementor-divider\">\n\t\t\t<span class=\"elementor-divider-separator\">\n\t\t\t\t\t\t<\/span>\n\t\t<\/div>\n\t\t\t\t<\/div>\n\t\t\t\t<\/div>\n\t\t\t\t<div class=\"elementor-element elementor-element-1d21d7f elementor-widget elementor-widget-text-editor\" data-id=\"1d21d7f\" data-element_type=\"widget\" data-widget_type=\"text-editor.default\">\n\t\t\t\t<div class=\"elementor-widget-container\">\n\t\t\t\t\t\t\t<p><strong>O que s\u00e3o cookies?<\/strong><\/p><p>Cookies s\u00e3o pequenos arquivos de texto que s\u00e3o armazenados em seu dispositivo (computador, smartphone, tablet) quando voc\u00ea visita um site. Eles permitem que o site \u201clembre\u201d de suas a\u00e7\u00f5es e prefer\u00eancias (como login, idioma, tamanho da fonte) por um determinado per\u00edodo, tornando sua pr\u00f3xima visita mais f\u00e1cil e personalizada.<\/p><p><strong>Por que utilizamos Cookies?<\/strong><\/p><p>Utilizamos cookies para diversos fins, incluindo:<br \/><br \/><em>Melhoria da experi\u00eancia do usu\u00e1rio: <\/em>Personalizamos o conte\u00fado e a navega\u00e7\u00e3o de acordo com suas prefer\u00eancias.<br \/><em><br \/>An\u00e1lise de desempenho: <\/em>Coletamos dados sobre como voc\u00ea utiliza nosso site para identificar \u00e1reas que podem ser melhoradas.<br \/><br \/><em>Seguran\u00e7a: <\/em>Auxiliamos na prote\u00e7\u00e3o de sua conta e de nossos sistemas.<br \/><br \/><em>Marketing: <\/em>Exibimos an\u00fancios relevantes para seus interesses.<\/p><p><strong>Como controlar os Cookies?<\/strong><br \/><br \/><em>Cookies Essenciais:<\/em> S\u00e3o indispens\u00e1veis para o funcionamento b\u00e1sico do nosso site, permitindo que voc\u00ea navegue e utilize suas funcionalidades.<br \/><br \/><em>Cookies de Desempenho:<\/em> Coletam informa\u00e7\u00f5es sobre como voc\u00ea utiliza o site, como as p\u00e1ginas mais visitadas e quaisquer mensagens de erro.<br \/><br \/><em>Cookies de Funcionalidade: <\/em>Lembram suas escolhas para fornecer uma experi\u00eancia mais personalizada.<br \/><br \/><em>Cookies de Marketing: <\/em>S\u00e3o utilizados para rastrear seus interesses e exibir an\u00fancios relevantes em outros sites.<br \/><br \/><strong>Como controlar os Cookies?<\/strong><br \/><br \/>Voc\u00ea pode controlar e gerenciar os cookies atrav\u00e9s das configura\u00e7\u00f5es do seu navegador. A maioria dos navegadores permite que voc\u00ea bloqueie cookies, exclua cookies existentes ou seja notificado quando um cookie est\u00e1 sendo enviado.<\/p><p><em><strong>Importante:<\/strong><\/em> Bloquear todos os cookies pode afetar a funcionalidade do nosso site.<br \/><em><strong>Terceiros:<\/strong><\/em> Podemos utilizar servi\u00e7os de terceiros que tamb\u00e9m utilizam cookies. N\u00e3o temos controle sobre os cookies utilizados por esses terceiros e recomendamos que voc\u00ea consulte as pol\u00edticas de privacidade deles para obter mais informa\u00e7\u00f5es.<br \/><strong><em>Altera\u00e7\u00f5es nesta Pol\u00edtica:<\/em><\/strong> Podemos atualizar esta Pol\u00edtica de Cookies periodicamente. Recomendamos que voc\u00ea consulte esta p\u00e1gina regularmente para se manter informado sobre quaisquer altera\u00e7\u00f5es.<br \/><em><strong>Contato:<\/strong><\/em> Caso tenha alguma d\u00favida sobre esta Pol\u00edtica de Cookies, entre em contato conosco atrav\u00e9s do e-mail limpar@limparonline.com.br.<\/p><p style=\"text-align: center;\"><strong>Esta Pol\u00edtica de Cookies foi atualizada em 22 de novembro de 2024.<\/strong><\/p>\t\t\t\t\t\t<\/div>\n\t\t\t\t<\/div>\n\t\t\t\t\t<\/div>\n\t\t<\/div>\n\t\t\t\t\t<\/div>\n\t\t<\/section>\n\t\t\t\t<section class=\"elementor-section elementor-top-section elementor-element elementor-element-13ce239 elementor-section-boxed elementor-section-height-default elementor-section-height-default\" data-id=\"13ce239\" data-element_type=\"section\">\n\t\t\t\t\t\t<div class=\"elementor-container elementor-column-gap-default\">\n\t\t\t\t\t<div class=\"elementor-column elementor-col-100 elementor-top-column elementor-element elementor-element-b070af6\" data-id=\"b070af6\" data-element_type=\"column\">\n\t\t\t<div class=\"elementor-widget-wrap elementor-element-populated\">\n\t\t\t\t\t\t<div class=\"elementor-element elementor-element-9d8b55c elementor-widget elementor-widget-image\" data-id=\"9d8b55c\" data-element_type=\"widget\" data-widget_type=\"image.default\">\n\t\t\t\t<div class=\"elementor-widget-container\">\n\t\t\t\t\t\t\t\t\t\t\t\t\t<img decoding=\"async\" width=\"320\" height=\"472\" src=\"https:\/\/limparonline.com.br\/wp-content\/uploads\/2024\/07\/bolhas_cinza.png\" class=\"attachment-large size-large wp-image-1288\" alt=\"\" srcset=\"https:\/\/limparonline.com.br\/wp-content\/uploads\/2024\/07\/bolhas_cinza.png 320w, https:\/\/limparonline.com.br\/wp-content\/uploads\/2024\/07\/bolhas_cinza-203x300.png 203w\" sizes=\"(max-width: 320px) 100vw, 320px\" \/>\t\t\t\t\t\t\t\t\t\t\t\t\t<\/div>\n\t\t\t\t<\/div>\n\t\t\t\t\t<\/div>\n\t\t<\/div>\n\t\t\t\t\t<\/div>\n\t\t<\/section>\n\t\t\t\t<\/div>\n\t\t","protected":false},"excerpt":{"rendered":"<p>Pol\u00edtica de Cookies VOLTAR O que s\u00e3o cookies? Cookies s\u00e3o pequenos arquivos de texto que s\u00e3o armazenados em seu dispositivo (computador, smartphone, tablet) quando voc\u00ea visita um site. Eles permitem que o site \u201clembre\u201d de suas a\u00e7\u00f5es e prefer\u00eancias (como login, idioma, tamanho da fonte) por um determinado per\u00edodo, tornando sua pr\u00f3xima visita mais f\u00e1cil [&hellip;]<\/p>\n","protected":false},"author":1,"featured_media":0,"parent":0,"menu_order":0,"comment_status":"closed","ping_status":"closed","template":"elementor_canvas","meta":{"site-sidebar-layout":"no-sidebar","site-content-layout":"page-builder","ast-site-content-layout":"full-width-container","site-content-style":"default","site-sidebar-style":"default","ast-global-header-display":"","ast-banner-title-visibility":"","ast-main-header-display":"","ast-hfb-above-header-display":"","ast-hfb-below-header-display":"","ast-hfb-mobile-header-display":"","site-post-title":"disabled","ast-breadcrumbs-content":"","ast-featured-img":"disabled","footer-sml-layout":"","theme-transparent-header-meta":"","adv-header-id-meta":"","stick-header-meta":"","header-above-stick-meta":"","header-main-stick-meta":"","header-below-stick-meta":"","astra-migrate-meta-layouts":"set","ast-page-background-enabled":"default","ast-page-background-meta":{"desktop":{"background-color":"var(--ast-global-color-4)","background-image":"","background-repeat":"repeat","background-position":"center center","background-size":"auto","background-attachment":"scroll","background-type":"","background-media":"","overlay-type":"","overlay-color":"","overlay-opacity":"","overlay-gradient":""},"tablet":{"background-color":"","background-image":"","background-repeat":"repeat","background-position":"center center","background-size":"auto","background-attachment":"scroll","background-type":"","background-media":"","overlay-type":"","overlay-color":"","overlay-opacity":"","overlay-gradient":""},"mobile":{"background-color":"","background-image":"","background-repeat":"repeat","background-position":"center center","background-size":"auto","background-attachment":"scroll","background-type":"","background-media":"","overlay-type":"","overlay-color":"","overlay-opacity":"","overlay-gradient":""}},"ast-content-background-meta":{"desktop":{"background-color":"var(--ast-global-color-5)","background-image":"","background-repeat":"repeat","background-position":"center center","background-size":"auto","background-attachment":"scroll","background-type":"","background-media":"","overlay-type":"","overlay-color":"","overlay-opacity":"","overlay-gradient":""},"tablet":{"background-color":"var(--ast-global-color-5)","background-image":"","background-repeat":"repeat","background-position":"center center","background-size":"auto","background-attachment":"scroll","background-type":"","background-media":"","overlay-type":"","overlay-color":"","overlay-opacity":"","overlay-gradient":""},"mobile":{"background-color":"var(--ast-global-color-5)","background-image":"","background-repeat":"repeat","background-position":"center center","background-size":"auto","background-attachment":"scroll","background-type":"","background-media":"","overlay-type":"","overlay-color":"","overlay-opacity":"","overlay-gradient":""}},"footnotes":""},"class_list":["post-1443","page","type-page","status-publish","hentry"],"_links":{"self":[{"href":"https:\/\/limparonline.com.br\/index.php\/wp-json\/wp\/v2\/pages\/1443","targetHints":{"allow":["GET"]}}],"collection":[{"href":"https:\/\/limparonline.com.br\/index.php\/wp-json\/wp\/v2\/pages"}],"about":[{"href":"https:\/\/limparonline.com.br\/index.php\/wp-json\/wp\/v2\/types\/page"}],"author":[{"embeddable":true,"href":"https:\/\/limparonline.com.br\/index.php\/wp-json\/wp\/v2\/users\/1"}],"replies":[{"embeddable":true,"href":"https:\/\/limparonline.com.br\/index.php\/wp-json\/wp\/v2\/comments?post=1443"}],"version-history":[{"count":13,"href":"https:\/\/limparonline.com.br\/index.php\/wp-json\/wp\/v2\/pages\/1443\/revisions"}],"predecessor-version":[{"id":1472,"href":"https:\/\/limparonline.com.br\/index.php\/wp-json\/wp\/v2\/pages\/1443\/revisions\/1472"}],"wp:attachment":[{"href":"https:\/\/limparonline.com.br\/index.php\/wp-json\/wp\/v2\/media?parent=1443"}],"curies":[{"name":"wp","href":"https:\/\/api.w.org\/{rel}","templated":true}]}}